{"id":1220,"date":"2023-05-23T13:22:46","date_gmt":"2023-05-23T11:22:46","guid":{"rendered":"https:\/\/querx-spiele.com\/produkt\/mathe-kettenaufgaben\/"},"modified":"2024-04-10T08:11:18","modified_gmt":"2024-04-10T06:11:18","slug":"retezove-ukoly","status":"publish","type":"product","link":"https:\/\/querx-spiele.com\/cs\/produkty\/retezove-ukoly\/","title":{"rendered":"\u0158et\u011bzov\u00e9 \u00fakoly"},"content":{"rendered":"<h3 class=\"wp-block-heading\">Pokyny k na\u0161im vzd\u011bl\u00e1vac\u00edm hr\u00e1m<\/h3>\n<p>C\u00edlem na\u0161ich her je m\u00edt z\u00e1bavu p\u0159i h\u0159e a p\u0159itom se n\u011bco nau\u010dit, p\u0159\u00edpadn\u011b si nau\u010den\u00e9 v\u011bdomosti pos\u00edlit. Hra je vhodn\u00e1 pro jednoho a\u017e \u0161est hr\u00e1\u010d\u016f a hraje se u stolu. \u010c\u00edm v\u00edce hr\u00e1\u010d\u016f, t\u00edm v\u011bt\u0161\u00ed je z\u00e1bava. Obt\u00ed\u017enost lze zv\u00fd\u0161it t\u00edm, \u017ee hr\u00e1\u010di dostanou v\u00edce ne\u017e jeden hern\u00ed obr\u00e1zek, p\u0159\u00edpadn\u011b i kombinovan\u00fd s na\u0161imi dal\u0161\u00edmi v\u00fdukov\u00fdmi hrami.<\/p>\n<p class=\"has-medium-font-size\"><strong><br \/>\nJak hr\u00e1t jako video:<\/strong><\/p>\n<div style=\"width: 1920px;\" class=\"wp-video\"><video class=\"wp-video-shortcode\" id=\"video-1220-1\" width=\"1920\" height=\"1080\" preload=\"metadata\" controls=\"controls\"><source type=\"video\/mp4\" src=\"https:\/\/querx-spiele.com\/wp-content\/uploads\/2024\/03\/Spielanleitung_Lernspiele_CZ_720p.mp4?_=1\" \/><a href=\"https:\/\/querx-spiele.com\/wp-content\/uploads\/2024\/03\/Spielanleitung_Lernspiele_CZ_720p.mp4\">https:\/\/querx-spiele.com\/wp-content\/uploads\/2024\/03\/Spielanleitung_Lernspiele_CZ_720p.mp4<\/a><\/video><\/div>\n<p>&nbsp;<\/p>\n<p><a href=\"https:\/\/querx-spiele.com\/mehr-sprachen\/\"><img data-recalc-dims=\"1\" loading=\"lazy\" decoding=\"async\" class=\"alignnone wp-image-2939 \" src=\"https:\/\/i0.wp.com\/querx-spiele.com\/wp-content\/uploads\/2024\/02\/mehrsprachig-icon-1.png?resize=45%2C45&#038;ssl=1\" alt=\"\" width=\"45\" height=\"45\" \/><\/a> \u00a0\u00a0 <a href=\"https:\/\/querx-spiele.com\/mehr-sprachen\/\">dal\u0161\u00ed jazyky<\/a><\/p>\n<p><img data-recalc-dims=\"1\" loading=\"lazy\" decoding=\"async\" class=\"alignnone wp-image-2951 \" src=\"https:\/\/i0.wp.com\/querx-spiele.com\/wp-content\/uploads\/2023\/05\/pdf-download.png?resize=45%2C45&#038;ssl=1\" alt=\"\" width=\"45\" height=\"45\" \/>\u00a0 \u00a0 <code><a href=\"https:\/\/querx-spiele.com\/wp-content\/uploads\/2024\/03\/Spielanleitung_CZ.pdf\" download=\"Spielanleitung_CZ\"><img loading=\"lazy\" decoding=\"async\" class=\"alignnone\" src=\"\/downloads\/https:\/\/querx-spiele.com\/wp-content\/uploads\/2024\/03\/Spielanleitung_CZ.pdf\" alt=\"St\u00e1hn\u011bte si pokyny ke h\u0159e\" width=\"24\" height=\"24\" \/><\/a><\/code><\/p>\n<p>&nbsp;<\/p>\n<p class=\"has-medium-font-size\"><strong>Varianta 1, Rychlost:<\/strong><\/p>\n<p>Tato varianta je vhodn\u00e1 pro hr\u00e1\u010de s p\u0159ibli\u017en\u011b stejnou \u00farovn\u00ed dovednost\u00ed, zde se hraje sout\u011b\u017en\u011b.<br \/>\nPro ka\u017ed\u00e9ho hr\u00e1\u010de je pot\u0159ebn\u00fd jeden hern\u00ed obr\u00e1zek, zb\u00fdvaj\u00edc\u00ed se odlo\u017e\u00ed stranou. Nejprve se z n\u011bj vyjmou mal\u00e9 karti\u010dky, dob\u0159e se zam\u00edchaj\u00ed a polo\u017e\u00ed obr\u00e1zkem dol\u016f do prost\u0159ed stolu, tak,\u017ee b\u00edlou stranou s textem je nahoru. Hern\u00ed obr\u00e1zeky se tak\u00e9 rozdaj\u00ed hr\u00e1\u010d\u016fm obr\u00e1zkem dol\u016f, kte\u0159\u00ed si je\u0161t\u011b nesm\u011bj\u00ed prohl\u00e9dnout \u0159e\u0161en\u00ed.<br \/>\nNa pokyn nejstar\u0161\u00edho hr\u00e1\u010de oto\u010d\u00ed v\u0161ichni hr\u00e1\u010di najednou sv\u00e9 hern\u00ed obr\u00e1zky, aby byla vid\u011bt \u0159e\u0161en\u00ed, a za\u010dnou co nejrychleji hledat odpov\u00eddaj\u00edc\u00ed \u00fakolov\u00e9 karti\u010dky. Hr\u00e1\u010d, kter\u00fd najde spr\u00e1vnou karti\u010dku, ji polo\u017e\u00ed do sv\u00e9ho hern\u00edho obr\u00e1zku. Pro kontrolu, zda byl \u00fakol spr\u00e1vn\u011b vy\u0159e\u0161en, slou\u017e\u00ed obr\u00e1zek na p\u0159edn\u00ed stran\u011b. Hr\u00e1\u010d, kter\u00fd jako prvn\u00ed spr\u00e1vn\u011b napln\u00ed sv\u016fj hern\u00ed obr\u00e1zek, je v\u00edt\u011bzem. Ostatn\u00ed hr\u00e1\u010di hraj\u00ed je\u0161t\u011b o dal\u0161\u00ed m\u00edsta.<\/p>\n<p class=\"has-medium-font-size\"><strong>Varianta 2, Ka\u017ed\u00fd m\u016f\u017ee vyhr\u00e1t:<\/strong><\/p>\n<p>Tato varianta hry je vhodn\u00e1 pro hr\u00e1\u010de s r\u016fznou \u00farovn\u00ed dovednost\u00ed, proto\u017ee o v\u00fdsledku rozhoduje \u0161t\u011bst\u00ed, kterou kartu si hr\u00e1\u010d vylosuje.<br \/>\nPro ka\u017ed\u00e9ho hr\u00e1\u010de je pot\u0159ebn\u00fd jeden hern\u00ed obr\u00e1zek, zb\u00fdvaj\u00edc\u00ed se odlo\u017e\u00ed stranou. Karti\u010dky se z n\u011bj vyjmou a vlo\u017e\u00ed do p\u0159ilo\u017een\u00e9ho bavln\u011bn\u00e9ho s\u00e1\u010dku.<br \/>\nZa\u010d\u00edn\u00e1 nejmlad\u0161\u00ed hr\u00e1\u010d. Dostane pytl\u00edk s karti\u010dkami. Hr\u00e1\u010d, kter\u00fd m\u00e1 pytl\u00edk, vyt\u00e1hne kartu a nahlas p\u0159e\u010dte zadn\u00ed stranu karty. Hr\u00e1\u010d, kter\u00fd m\u00e1 v hern\u00edm obr\u00e1zku v\u00fdsledek, ho nahlas \u0159ekne, z\u00edsk\u00e1 kartu, polo\u017e\u00ed ji do sv\u00e9ho hern\u00edho obr\u00e1zku, dostane pytl\u00edk a m\u016f\u017ee jako dal\u0161\u00ed losovat. Pokud se hr\u00e1\u010d zm\u00fdl\u00ed (pozn\u00e1te to podle toho, \u017ee obr\u00e1zek nesed\u00ed), mus\u00ed polo\u017eit tuto kartu na st\u016fl a ostatn\u00ed hr\u00e1\u010di hledaj\u00ed spr\u00e1vn\u00e9 \u0159e\u0161en\u00ed. Jako trest mus\u00ed hr\u00e1\u010d vlo\u017eit dal\u0161\u00ed kartu, kterou m\u00e1 p\u0159\u00edpadn\u011b ji\u017e v jeho hern\u00edm obr\u00e1zku, zp\u011bt do pytl\u00edku. V\u00edt\u011bzem je hr\u00e1\u010d, kter\u00fd jako prvn\u00ed dokon\u010d\u00ed sv\u016fj hern\u00ed obr\u00e1zek, ale hra pokra\u010duje, dokud v pytl\u00edku nez\u016fstanou u\u017e \u017e\u00e1dn\u00e9 karty.<\/p>\n<p class=\"has-medium-font-size\"><strong>Varianta 3, U\u010den\u00ed samostatn\u011b:<\/strong><\/p>\n<p>Dosp\u011bl\u00fd ur\u010d\u00ed, kolik \u00fakol\u016f m\u00e1 b\u00fdt vy\u0159e\u0161eno, vyjme karty, polo\u017e\u00ed je obr\u00e1zkem dol\u016f na st\u016fl a zam\u00edch\u00e1. \u0160kol\u00e1k \u0159e\u0161\u00ed \u00fakol, vlo\u017e\u00ed kartu na spr\u00e1vn\u00e9 m\u00edsto a m\u016f\u017ee se p\u0159i tom s\u00e1m kontrolovat &#8211; pokud obr\u00e1zek sed\u00ed, \u00fakol je spr\u00e1vn\u011b vy\u0159e\u0161en. P\u0159\u00edpadn\u011b je t\u0159eba kontrolovat, zda nen\u00ed podv\u00e1d\u011bn a \u00fakol nebyl vy\u0159e\u0161en jako puzzle.<\/p>\n","protected":false},"excerpt":{"rendered":"<p>Pokyny k na\u0161im vzd\u011bl\u00e1vac\u00edm hr\u00e1m C\u00edlem na\u0161ich her je m\u00edt z\u00e1bavu p\u0159i h\u0159e a p\u0159itom se n\u011bco nau\u010dit, p\u0159\u00edpadn\u011b si nau\u010den\u00e9 v\u011bdomosti pos\u00edlit. Hra je vhodn\u00e1 pro jednoho a\u017e \u0161est hr\u00e1\u010d\u016f a hraje se u stolu. \u010c\u00edm v\u00edce hr\u00e1\u010d\u016f, t\u00edm v\u011bt\u0161\u00ed je z\u00e1bava. Obt\u00ed\u017enost lze zv\u00fd\u0161it t\u00edm, \u017ee hr\u00e1\u010di dostanou v\u00edce ne\u017e jeden hern\u00ed obr\u00e1zek, [&hellip;]<\/p>\n","protected":false},"featured_media":5114,"comment_status":"open","ping_status":"closed","template":"","meta":{"site-sidebar-layout":"default","site-content-layout":"default","ast-site-content-layout":"default","site-content-style":"default","site-sidebar-style":"default","ast-global-header-display":"","ast-banner-title-visibility":"","ast-main-header-display":"","ast-hfb-above-header-display":"","ast-hfb-below-header-display":"","ast-hfb-mobile-header-display":"","site-post-title":"","ast-breadcrumbs-content":"","ast-featured-img":"","footer-sml-layout":"","ast-disable-related-posts":"","theme-transparent-header-meta":"default","adv-header-id-meta":"","stick-header-meta":"default","header-above-stick-meta":"","header-main-stick-meta":"","header-below-stick-meta":"","astra-migrate-meta-layouts":"set","ast-page-background-enabled":"default","ast-page-background-meta":{"desktop":{"background-color":"var(--ast-global-color-4)","background-image":"","background-repeat":"repeat","background-position":"center center","background-size":"auto","background-attachment":"scroll","background-type":"","background-media":"","overlay-type":"","overlay-color":"","overlay-opacity":"","overlay-gradient":""},"tablet":{"background-color":"","background-image":"","background-repeat":"repeat","background-position":"center center","background-size":"auto","background-attachment":"scroll","background-type":"","background-media":"","overlay-type":"","overlay-color":"","overlay-opacity":"","overlay-gradient":""},"mobile":{"background-color":"","background-image":"","background-repeat":"repeat","background-position":"center center","background-size":"auto","background-attachment":"scroll","background-type":"","background-media":"","overlay-type":"","overlay-color":"","overlay-opacity":"","overlay-gradient":""}},"ast-content-background-meta":{"desktop":{"background-color":"var(--ast-global-color-5)","background-image":"","background-repeat":"repeat","background-position":"center center","background-size":"auto","background-attachment":"scroll","background-type":"","background-media":"","overlay-type":"","overlay-color":"","overlay-opacity":"","overlay-gradient":""},"tablet":{"background-color":"var(--ast-global-color-5)","background-image":"","background-repeat":"repeat","background-position":"center center","background-size":"auto","background-attachment":"scroll","background-type":"","background-media":"","overlay-type":"","overlay-color":"","overlay-opacity":"","overlay-gradient":""},"mobile":{"background-color":"var(--ast-global-color-5)","background-image":"","background-repeat":"repeat","background-position":"center center","background-size":"auto","background-attachment":"scroll","background-type":"","background-media":"","overlay-type":"","overlay-color":"","overlay-opacity":"","overlay-gradient":""}}},"product_brand":[],"product_cat":[91],"product_tag":[88,95],"class_list":{"0":"post-1220","1":"product","2":"type-product","3":"status-publish","4":"has-post-thumbnail","6":"product_cat-matematicke-vyukove-hry","7":"product_tag-matematicka-vyukova-hra","8":"product_tag-ulohy-matematickych-retezcu","9":"desktop-align-left","10":"tablet-align-left","11":"mobile-align-left","12":"ast-product-gallery-layout-vertical","13":"ast-product-gallery-with-no-image","14":"ast-product-single-variable","15":"ast-product-tabs-layout-horizontal","17":"first","18":"instock","19":"taxable","20":"shipping-taxable","21":"purchasable","22":"product-type-variable","23":"has-default-attributes"},"jetpack_sharing_enabled":true,"_links":{"self":[{"href":"https:\/\/querx-spiele.com\/cs\/wp-json\/wp\/v2\/product\/1220","targetHints":{"allow":["GET"]}}],"collection":[{"href":"https:\/\/querx-spiele.com\/cs\/wp-json\/wp\/v2\/product"}],"about":[{"href":"https:\/\/querx-spiele.com\/cs\/wp-json\/wp\/v2\/types\/product"}],"replies":[{"embeddable":true,"href":"https:\/\/querx-spiele.com\/cs\/wp-json\/wp\/v2\/comments?post=1220"}],"wp:featuredmedia":[{"embeddable":true,"href":"https:\/\/querx-spiele.com\/cs\/wp-json\/wp\/v2\/media\/5114"}],"wp:attachment":[{"href":"https:\/\/querx-spiele.com\/cs\/wp-json\/wp\/v2\/media?parent=1220"}],"wp:term":[{"taxonomy":"product_brand","embeddable":true,"href":"https:\/\/querx-spiele.com\/cs\/wp-json\/wp\/v2\/product_brand?post=1220"},{"taxonomy":"product_cat","embeddable":true,"href":"https:\/\/querx-spiele.com\/cs\/wp-json\/wp\/v2\/product_cat?post=1220"},{"taxonomy":"product_tag","embeddable":true,"href":"https:\/\/querx-spiele.com\/cs\/wp-json\/wp\/v2\/product_tag?post=1220"}],"curies":[{"name":"wp","href":"https:\/\/api.w.org\/{rel}","templated":true}]}}