{"id":1778,"date":"2023-05-11T14:04:41","date_gmt":"2023-05-11T12:04:41","guid":{"rendered":"https:\/\/querx-spiele.com\/widerrufsbelehrung\/"},"modified":"2023-12-13T10:17:13","modified_gmt":"2023-12-13T09:17:13","slug":"storno-podminky","status":"publish","type":"page","link":"https:\/\/querx-spiele.com\/cs\/storno-podminky\/","title":{"rendered":"Storno podm\u00ednky"},"content":{"rendered":"\n<p><strong>Pr\u00e1vo na zru\u0161en\u00ed<\/strong><\/p>\n\n<p>M\u00e1te pr\u00e1vo odstoupit od t\u00e9to smlouvy do \u010dtrn\u00e1cti dn\u016f bez ud\u00e1n\u00ed d\u016fvodu.<\/p>\n\n<p>Lh\u016fta pro odstoupen\u00ed od smlouvy je \u010dtrn\u00e1ct dn\u00ed ode dne, kdy jste vy nebo v\u00e1mi ur\u010den\u00e1 t\u0159et\u00ed osoba, kter\u00e1 nen\u00ed dopravcem, p\u0159evzali zbo\u017e\u00ed.<\/p>\n\n<p>Chcete-li uplatnit sv\u00e9 pr\u00e1vo<\/p>\n\n<p>puzzlefactory&#13;\nDigital- und Offsetdruckerei Gunter D\u00fcnnbier&#13;\nWaltersdorfer Stra\u00dfe 43&#13;\n02779 Gro\u00dfsch\u00f6nau<\/p>\n\n<p>info@puzzlefactory.de, Tel. +49 (0) 35841 36757<\/p>\n\n<p>na odstoupen\u00ed od smlouvy, mus\u00edte n\u00e1s o sv\u00e9m rozhodnut\u00ed odstoupit od t\u00e9to smlouvy informovat prost\u0159ednictv\u00edm jasn\u00e9ho prohl\u00e1\u0161en\u00ed (nap\u0159. dopisu zaslan\u00e9ho po\u0161tou nebo e-mailem). M\u016f\u017eete pou\u017e\u00edt p\u0159ilo\u017een\u00fd vzorov\u00fd formul\u00e1\u0159 pro zru\u0161en\u00ed smlouvy, nen\u00ed to v\u0161ak povinn\u00e9.<\/p>\n\n<p>Pro dodr\u017een\u00ed lh\u016fty pro odstoupen\u00ed od smlouvy sta\u010d\u00ed, abyste ozn\u00e1men\u00ed o uplatn\u011bn\u00ed pr\u00e1va na odstoupen\u00ed od smlouvy odeslali p\u0159ed uplynut\u00edm lh\u016fty pro odstoupen\u00ed od smlouvy.<\/p>\n\n<p><strong>D\u016fsledky zru\u0161en\u00ed<\/strong><\/p>\n\n<p>Odstoup\u00edte-li od t\u00e9to smlouvy, vr\u00e1t\u00edme v\u00e1m v\u0161echny platby, kter\u00e9 jsme od v\u00e1s obdr\u017eeli, v\u010detn\u011b n\u00e1klad\u016f na doru\u010den\u00ed (s v\u00fdjimkou dodate\u010dn\u00fdch n\u00e1klad\u016f vypl\u00fdvaj\u00edc\u00edch z va\u0161\u00ed volby jin\u00e9ho typu doru\u010den\u00ed, ne\u017e je nejlevn\u011bj\u0161\u00ed typ standardn\u00edho doru\u010den\u00ed, kter\u00fd nab\u00edz\u00edme), a to bez zbyte\u010dn\u00e9ho odkladu a v ka\u017ed\u00e9m p\u0159\u00edpad\u011b nejpozd\u011bji do 14 dn\u016f ode dne, kdy jsme byli informov\u00e1ni o va\u0161em rozhodnut\u00ed odstoupit od t\u00e9to smlouvy. Pro toto vr\u00e1cen\u00ed pou\u017eijeme stejn\u00fd platebn\u00ed prost\u0159edek, kter\u00fd jste pou\u017eili pro p\u016fvodn\u00ed transakci, pokud se s v\u00e1mi v\u00fdslovn\u011b nedohodneme jinak; v \u017e\u00e1dn\u00e9m p\u0159\u00edpad\u011b v\u00e1m za toto vr\u00e1cen\u00ed nebudou \u00fa\u010dtov\u00e1ny \u017e\u00e1dn\u00e9 poplatky.<\/p>\n\n<p>M\u016f\u017eeme v\u00e1m odm\u00edtnout vr\u00e1tit pen\u00edze, dokud neobdr\u017e\u00edme zbo\u017e\u00ed zp\u011bt nebo dokud nep\u0159edlo\u017e\u00edte d\u016fkaz, \u017ee jste zbo\u017e\u00ed vr\u00e1tili, podle toho, co nastane d\u0159\u00edve.<\/p>\n\n<p>Zbo\u017e\u00ed n\u00e1m mus\u00edte vr\u00e1tit nebo p\u0159edat neprodlen\u011b, nejpozd\u011bji v\u0161ak do \u010dtrn\u00e1cti dn\u016f ode dne, kdy jste n\u00e1s informovali o odstoupen\u00ed od t\u00e9to smlouvy. Lh\u016fta je dodr\u017eena, pokud zbo\u017e\u00ed ode\u0161lete p\u0159ed uplynut\u00edm \u010dtrn\u00e1ctidenn\u00ed lh\u016fty. P\u0159\u00edm\u00e9 n\u00e1klady na vr\u00e1cen\u00ed zbo\u017e\u00ed nesete vy.<\/p>\n\n<p>Ztr\u00e1tu hodnoty zbo\u017e\u00ed mus\u00edte uhradit pouze v p\u0159\u00edpad\u011b, \u017ee ke ztr\u00e1t\u011b hodnoty do\u0161lo v d\u016fsledku manipulace se zbo\u017e\u00edm, kter\u00e1 nen\u00ed nezbytn\u00e1 pro kontrolu jeho stavu, vlastnost\u00ed a funk\u010dnosti.<\/p>\n","protected":false},"excerpt":{"rendered":"<p>Pr\u00e1vo na zru\u0161en\u00ed M\u00e1te pr\u00e1vo odstoupit od t\u00e9to smlouvy do \u010dtrn\u00e1cti dn\u016f bez ud\u00e1n\u00ed d\u016fvodu. Lh\u016fta pro odstoupen\u00ed od smlouvy je \u010dtrn\u00e1ct dn\u00ed ode dne, kdy jste vy nebo v\u00e1mi ur\u010den\u00e1 t\u0159et\u00ed osoba, kter\u00e1 nen\u00ed dopravcem, p\u0159evzali zbo\u017e\u00ed. Chcete-li uplatnit sv\u00e9 pr\u00e1vo puzzlefactory&#13; Digital- und Offsetdruckerei Gunter D\u00fcnnbier&#13; Waltersdorfer Stra\u00dfe 43&#13; 02779 Gro\u00dfsch\u00f6nau info@puzzlefactory.de, Tel. [&hellip;]<\/p>\n","protected":false},"author":1,"featured_media":0,"parent":0,"menu_order":0,"comment_status":"closed","ping_status":"closed","template":"","meta":{"site-sidebar-layout":"default","site-content-layout":"","ast-site-content-layout":"default","site-content-style":"default","site-sidebar-style":"default","ast-global-header-display":"","ast-banner-title-visibility":"","ast-main-header-display":"","ast-hfb-above-header-display":"","ast-hfb-below-header-display":"","ast-hfb-mobile-header-display":"","site-post-title":"","ast-breadcrumbs-content":"","ast-featured-img":"","footer-sml-layout":"","ast-disable-related-posts":"","theme-transparent-header-meta":"","adv-header-id-meta":"","stick-header-meta":"","header-above-stick-meta":"","header-main-stick-meta":"","header-below-stick-meta":"","astra-migrate-meta-layouts":"set","ast-page-background-enabled":"default","ast-page-background-meta":{"desktop":{"background-color":"var(--ast-global-color-4)","background-image":"","background-repeat":"repeat","background-position":"center center","background-size":"auto","background-attachment":"scroll","background-type":"","background-media":"","overlay-type":"","overlay-color":"","overlay-opacity":"","overlay-gradient":""},"tablet":{"background-color":"","background-image":"","background-repeat":"repeat","background-position":"center center","background-size":"auto","background-attachment":"scroll","background-type":"","background-media":"","overlay-type":"","overlay-color":"","overlay-opacity":"","overlay-gradient":""},"mobile":{"background-color":"","background-image":"","background-repeat":"repeat","background-position":"center center","background-size":"auto","background-attachment":"scroll","background-type":"","background-media":"","overlay-type":"","overlay-color":"","overlay-opacity":"","overlay-gradient":""}},"ast-content-background-meta":{"desktop":{"background-color":"var(--ast-global-color-5)","background-image":"","background-repeat":"repeat","background-position":"center center","background-size":"auto","background-attachment":"scroll","background-type":"","background-media":"","overlay-type":"","overlay-color":"","overlay-opacity":"","overlay-gradient":""},"tablet":{"background-color":"var(--ast-global-color-5)","background-image":"","background-repeat":"repeat","background-position":"center center","background-size":"auto","background-attachment":"scroll","background-type":"","background-media":"","overlay-type":"","overlay-color":"","overlay-opacity":"","overlay-gradient":""},"mobile":{"background-color":"var(--ast-global-color-5)","background-image":"","background-repeat":"repeat","background-position":"center center","background-size":"auto","background-attachment":"scroll","background-type":"","background-media":"","overlay-type":"","overlay-color":"","overlay-opacity":"","overlay-gradient":""}},"footnotes":""},"class_list":["post-1778","page","type-page","status-publish","hentry"],"jetpack_sharing_enabled":true,"_links":{"self":[{"href":"https:\/\/querx-spiele.com\/cs\/wp-json\/wp\/v2\/pages\/1778","targetHints":{"allow":["GET"]}}],"collection":[{"href":"https:\/\/querx-spiele.com\/cs\/wp-json\/wp\/v2\/pages"}],"about":[{"href":"https:\/\/querx-spiele.com\/cs\/wp-json\/wp\/v2\/types\/page"}],"author":[{"embeddable":true,"href":"https:\/\/querx-spiele.com\/cs\/wp-json\/wp\/v2\/users\/1"}],"replies":[{"embeddable":true,"href":"https:\/\/querx-spiele.com\/cs\/wp-json\/wp\/v2\/comments?post=1778"}],"version-history":[{"count":3,"href":"https:\/\/querx-spiele.com\/cs\/wp-json\/wp\/v2\/pages\/1778\/revisions"}],"predecessor-version":[{"id":1783,"href":"https:\/\/querx-spiele.com\/cs\/wp-json\/wp\/v2\/pages\/1778\/revisions\/1783"}],"wp:attachment":[{"href":"https:\/\/querx-spiele.com\/cs\/wp-json\/wp\/v2\/media?parent=1778"}],"curies":[{"name":"wp","href":"https:\/\/api.w.org\/{rel}","templated":true}]}}