{"id":1769,"date":"2023-05-12T10:32:53","date_gmt":"2023-05-12T08:32:53","guid":{"rendered":"https:\/\/querx-spiele.com\/allgemeine-geschaeftsbedingungen\/"},"modified":"2023-12-05T07:29:21","modified_gmt":"2023-12-05T06:29:21","slug":"vseobecne-obchodni-podminky","status":"publish","type":"page","link":"https:\/\/querx-spiele.com\/cs\/vseobecne-obchodni-podminky\/","title":{"rendered":"V\u0161eobecn\u00e9 obchodn\u00ed podm\u00ednky"},"content":{"rendered":"\n<p>\u2026, nebo\u0165 obvykle omezuj\u00ed obsah n\u011bmeck\u00e9ho ob\u010dansk\u00e9ho z\u00e1kon\u00edku v neprosp\u011bch z\u00e1kazn\u00edka v pr\u00e1vn\u011b mo\u017en\u00e9 oblasti. Chceme s v\u00e1mi obchodovat ke spokojenosti obou stran, proto nemus\u00edme omezovat va\u0161e pr\u00e1va.<br>V p\u0159\u00edpad\u011b opr\u00e1vn\u011bn\u00fdch reklamac\u00ed budeme v\u011bc \u0159e\u0161it vst\u0159\u00edcn\u011b a pro ostatn\u00ed p\u0159\u00edpady, jako je nap\u0159. nezaplacen\u00ed, n\u00e1m posta\u010duj\u00ed z\u00e1konn\u00e9 mo\u017enosti stanoven\u00e9 v BGB.<br>Pokud vyu\u017eijete sv\u00e9ho pr\u00e1va na odstoupen\u00ed od smlouvy, r\u00e1di bychom v\u00e1s upozornili, \u017ee budete muset n\u00e9st n\u00e1klady na vr\u00e1cen\u00ed zbo\u017e\u00ed. V p\u0159\u00edpad\u011b z\u00e1silek vr\u00e1cen\u00fdch na dob\u00edrku v\u00e1m vr\u00e1t\u00edme pouze rozd\u00edl.<\/p>\n","protected":false},"excerpt":{"rendered":"<p>\u2026, nebo\u0165 obvykle omezuj\u00ed obsah n\u011bmeck\u00e9ho ob\u010dansk\u00e9ho z\u00e1kon\u00edku v neprosp\u011bch z\u00e1kazn\u00edka v pr\u00e1vn\u011b mo\u017en\u00e9 oblasti. Chceme s v\u00e1mi obchodovat ke spokojenosti obou stran, proto nemus\u00edme omezovat va\u0161e pr\u00e1va.V p\u0159\u00edpad\u011b opr\u00e1vn\u011bn\u00fdch reklamac\u00ed budeme v\u011bc \u0159e\u0161it vst\u0159\u00edcn\u011b a pro ostatn\u00ed p\u0159\u00edpady, jako je nap\u0159. nezaplacen\u00ed, n\u00e1m posta\u010duj\u00ed z\u00e1konn\u00e9 mo\u017enosti stanoven\u00e9 v BGB.Pokud vyu\u017eijete sv\u00e9ho pr\u00e1va na odstoupen\u00ed [&hellip;]<\/p>\n","protected":false},"author":1,"featured_media":0,"parent":0,"menu_order":0,"comment_status":"closed","ping_status":"closed","template":"","meta":{"site-sidebar-layout":"default","site-content-layout":"","ast-site-content-layout":"default","site-content-style":"default","site-sidebar-style":"default","ast-global-header-display":"","ast-banner-title-visibility":"","ast-main-header-display":"","ast-hfb-above-header-display":"","ast-hfb-below-header-display":"","ast-hfb-mobile-header-display":"","site-post-title":"","ast-breadcrumbs-content":"","ast-featured-img":"","footer-sml-layout":"","ast-disable-related-posts":"","theme-transparent-header-meta":"","adv-header-id-meta":"","stick-header-meta":"","header-above-stick-meta":"","header-main-stick-meta":"","header-below-stick-meta":"","astra-migrate-meta-layouts":"set","ast-page-background-enabled":"default","ast-page-background-meta":{"desktop":{"background-color":"var(--ast-global-color-4)","background-image":"","background-repeat":"repeat","background-position":"center center","background-size":"auto","background-attachment":"scroll","background-type":"","background-media":"","overlay-type":"","overlay-color":"","overlay-opacity":"","overlay-gradient":""},"tablet":{"background-color":"","background-image":"","background-repeat":"repeat","background-position":"center center","background-size":"auto","background-attachment":"scroll","background-type":"","background-media":"","overlay-type":"","overlay-color":"","overlay-opacity":"","overlay-gradient":""},"mobile":{"background-color":"","background-image":"","background-repeat":"repeat","background-position":"center center","background-size":"auto","background-attachment":"scroll","background-type":"","background-media":"","overlay-type":"","overlay-color":"","overlay-opacity":"","overlay-gradient":""}},"ast-content-background-meta":{"desktop":{"background-color":"var(--ast-global-color-5)","background-image":"","background-repeat":"repeat","background-position":"center center","background-size":"auto","background-attachment":"scroll","background-type":"","background-media":"","overlay-type":"","overlay-color":"","overlay-opacity":"","overlay-gradient":""},"tablet":{"background-color":"var(--ast-global-color-5)","background-image":"","background-repeat":"repeat","background-position":"center center","background-size":"auto","background-attachment":"scroll","background-type":"","background-media":"","overlay-type":"","overlay-color":"","overlay-opacity":"","overlay-gradient":""},"mobile":{"background-color":"var(--ast-global-color-5)","background-image":"","background-repeat":"repeat","background-position":"center center","background-size":"auto","background-attachment":"scroll","background-type":"","background-media":"","overlay-type":"","overlay-color":"","overlay-opacity":"","overlay-gradient":""}},"footnotes":""},"class_list":["post-1769","page","type-page","status-publish","hentry"],"jetpack_sharing_enabled":true,"_links":{"self":[{"href":"https:\/\/querx-spiele.com\/cs\/wp-json\/wp\/v2\/pages\/1769","targetHints":{"allow":["GET"]}}],"collection":[{"href":"https:\/\/querx-spiele.com\/cs\/wp-json\/wp\/v2\/pages"}],"about":[{"href":"https:\/\/querx-spiele.com\/cs\/wp-json\/wp\/v2\/types\/page"}],"author":[{"embeddable":true,"href":"https:\/\/querx-spiele.com\/cs\/wp-json\/wp\/v2\/users\/1"}],"replies":[{"embeddable":true,"href":"https:\/\/querx-spiele.com\/cs\/wp-json\/wp\/v2\/comments?post=1769"}],"version-history":[{"count":1,"href":"https:\/\/querx-spiele.com\/cs\/wp-json\/wp\/v2\/pages\/1769\/revisions"}],"predecessor-version":[{"id":1774,"href":"https:\/\/querx-spiele.com\/cs\/wp-json\/wp\/v2\/pages\/1769\/revisions\/1774"}],"wp:attachment":[{"href":"https:\/\/querx-spiele.com\/cs\/wp-json\/wp\/v2\/media?parent=1769"}],"curies":[{"name":"wp","href":"https:\/\/api.w.org\/{rel}","templated":true}]}}