{"id":1333,"date":"2023-05-17T15:11:39","date_gmt":"2023-05-17T13:11:39","guid":{"rendered":"https:\/\/querx-spiele.com\/faq-frequently-asked-questions\/"},"modified":"2023-10-27T14:06:28","modified_gmt":"2023-10-27T12:06:28","slug":"faq-frequently-asked-questions","status":"publish","type":"page","link":"https:\/\/querx-spiele.com\/cs\/faq-frequently-asked-questions\/","title":{"rendered":"FAQ &#8211; frequently asked questions"},"content":{"rendered":"\n<p><strong>Kde se hry vyr\u00e1b\u011bj\u00ed?<\/strong><br>Hry v\u010detn\u011b obal\u016f kompletn\u011b vyr\u00e1b\u00edme my, Puzzlefactory, v Gro\u00dfsch\u00f6nau v Sasku v N\u011bmecku. V\u0161echny materi\u00e1ly poch\u00e1zej\u00ed z EU, pouze l\u00e1tkov\u00e9 s\u00e1\u010dky jsou nakupov\u00e1ny, dov\u00e1\u017eeny z Indie textiln\u00ed tisk\u00e1rnou D\u00fcrninger a ti\u0161t\u011bny v s\u00eddle spole\u010dnosti v Herrnhutu.<\/p>\n\n\n\n<p><strong>Mohu si b\u00fdt jist\u00fd, \u017ee hry neobsahuj\u00ed \u0161kodliv\u00e9 l\u00e1tky?<\/strong><br>Hry jsou vyrobeny v\u00fdhradn\u011b z materi\u00e1l\u016f, pomocn\u00fdch materi\u00e1l\u016f a obalov\u00fdch materi\u00e1l\u016f certifikovan\u00fdch pro v\u00fdrobu potravin a hra\u010dek. S\u00e1\u010dky maj\u00ed certifik\u00e1t Oeko-Tex 100, co\u017e je nejvy\u0161\u0161\u00ed mo\u017en\u00fd standard, do kter\u00e9ho mohou b\u00fdt baleny potraviny.<br>V\u0161e dohromady je n\u00e1mi certifikov\u00e1no podle normy EN 71-3 (bezpe\u010dnost d\u011bt\u00ed).<\/p>\n\n\n\n<p><strong>Co je to Querx?<\/strong><br>V na\u0161em hornolu\u017eick\u00e9m n\u00e1\u0159e\u010d\u00ed je Querx v\u00fdraz pro &#8222;trpasl\u00edka&#8220;. Podle pov\u011bsti vych\u00e1zej\u00ed Querxov\u00e9 z mal\u00e9 jeskyn\u011b na Breitebergu v na\u0161\u00ed sousedn\u00ed obci, proto se j\u00ed \u0159\u00edk\u00e1 &#8222;Querxova jeskyn\u011b&#8220;.<br>Toto slovo se pou\u017e\u00edv\u00e1 tak\u00e9 v hovorov\u00e9 \u0159e\u010di pro d\u011bti, proto se nap\u0159\u00edklad nedalek\u00fd d\u011btsk\u00fd pr\u00e1zdninov\u00fd t\u00e1bor jmenuje &#8222;Querxenland&#8220; a n\u011bkter\u00e9 mate\u0159sk\u00e9 \u0161koly v okol\u00ed maj\u00ed tak\u00e9 v n\u00e1zvu &#8222;Querx&#8220;.<\/p>\n\n\n\n<figure class=\"wp-block-image size-full is-resized\"><img data-recalc-dims=\"1\" loading=\"lazy\" decoding=\"async\" width=\"1772\" height=\"2212\" src=\"https:\/\/i0.wp.com\/querx-spiele.com\/wp-content\/uploads\/2023\/06\/Querxenhoehle_RGB-1.jpg?resize=1772%2C2212&#038;ssl=1\" alt=\"Querxh\u00f6hle am Breiteberg\" class=\"wp-image-1029\" style=\"width:443px;height:553px\" srcset=\"https:\/\/i0.wp.com\/querx-spiele.com\/wp-content\/uploads\/2023\/06\/Querxenhoehle_RGB-1.jpg?w=1772&amp;ssl=1 1772w, https:\/\/i0.wp.com\/querx-spiele.com\/wp-content\/uploads\/2023\/06\/Querxenhoehle_RGB-1.jpg?resize=240%2C300&amp;ssl=1 240w, https:\/\/i0.wp.com\/querx-spiele.com\/wp-content\/uploads\/2023\/06\/Querxenhoehle_RGB-1.jpg?resize=820%2C1024&amp;ssl=1 820w, https:\/\/i0.wp.com\/querx-spiele.com\/wp-content\/uploads\/2023\/06\/Querxenhoehle_RGB-1.jpg?resize=768%2C959&amp;ssl=1 768w, https:\/\/i0.wp.com\/querx-spiele.com\/wp-content\/uploads\/2023\/06\/Querxenhoehle_RGB-1.jpg?resize=1230%2C1536&amp;ssl=1 1230w, https:\/\/i0.wp.com\/querx-spiele.com\/wp-content\/uploads\/2023\/06\/Querxenhoehle_RGB-1.jpg?resize=1641%2C2048&amp;ssl=1 1641w, https:\/\/i0.wp.com\/querx-spiele.com\/wp-content\/uploads\/2023\/06\/Querxenhoehle_RGB-1.jpg?resize=600%2C749&amp;ssl=1 600w\" sizes=\"auto, (max-width: 1000px) 100vw, 1000px\" \/><figcaption class=\"wp-element-caption\">Jeskyn\u011b Querx na Breitebergu<\/figcaption><\/figure>\n\n\n\n<p><\/p>\n","protected":false},"excerpt":{"rendered":"<p>Kde se hry vyr\u00e1b\u011bj\u00ed?Hry v\u010detn\u011b obal\u016f kompletn\u011b vyr\u00e1b\u00edme my, Puzzlefactory, v Gro\u00dfsch\u00f6nau v Sasku v N\u011bmecku. V\u0161echny materi\u00e1ly poch\u00e1zej\u00ed z EU, pouze l\u00e1tkov\u00e9 s\u00e1\u010dky jsou nakupov\u00e1ny, dov\u00e1\u017eeny z Indie textiln\u00ed tisk\u00e1rnou D\u00fcrninger a ti\u0161t\u011bny v s\u00eddle spole\u010dnosti v Herrnhutu. Mohu si b\u00fdt jist\u00fd, \u017ee hry neobsahuj\u00ed \u0161kodliv\u00e9 l\u00e1tky?Hry jsou vyrobeny v\u00fdhradn\u011b z materi\u00e1l\u016f, pomocn\u00fdch materi\u00e1l\u016f [&hellip;]<\/p>\n","protected":false},"author":1,"featured_media":0,"parent":0,"menu_order":0,"comment_status":"closed","ping_status":"closed","template":"","meta":{"site-sidebar-layout":"default","site-content-layout":"","ast-site-content-layout":"default","site-content-style":"default","site-sidebar-style":"default","ast-global-header-display":"","ast-banner-title-visibility":"","ast-main-header-display":"","ast-hfb-above-header-display":"","ast-hfb-below-header-display":"","ast-hfb-mobile-header-display":"","site-post-title":"","ast-breadcrumbs-content":"","ast-featured-img":"","footer-sml-layout":"","ast-disable-related-posts":"","theme-transparent-header-meta":"","adv-header-id-meta":"","stick-header-meta":"","header-above-stick-meta":"","header-main-stick-meta":"","header-below-stick-meta":"","astra-migrate-meta-layouts":"set","ast-page-background-enabled":"default","ast-page-background-meta":{"desktop":{"background-color":"var(--ast-global-color-4)","background-image":"","background-repeat":"repeat","background-position":"center center","background-size":"auto","background-attachment":"scroll","background-type":"","background-media":"","overlay-type":"","overlay-color":"","overlay-opacity":"","overlay-gradient":""},"tablet":{"background-color":"","background-image":"","background-repeat":"repeat","background-position":"center center","background-size":"auto","background-attachment":"scroll","background-type":"","background-media":"","overlay-type":"","overlay-color":"","overlay-opacity":"","overlay-gradient":""},"mobile":{"background-color":"","background-image":"","background-repeat":"repeat","background-position":"center center","background-size":"auto","background-attachment":"scroll","background-type":"","background-media":"","overlay-type":"","overlay-color":"","overlay-opacity":"","overlay-gradient":""}},"ast-content-background-meta":{"desktop":{"background-color":"var(--ast-global-color-5)","background-image":"","background-repeat":"repeat","background-position":"center center","background-size":"auto","background-attachment":"scroll","background-type":"","background-media":"","overlay-type":"","overlay-color":"","overlay-opacity":"","overlay-gradient":""},"tablet":{"background-color":"var(--ast-global-color-5)","background-image":"","background-repeat":"repeat","background-position":"center center","background-size":"auto","background-attachment":"scroll","background-type":"","background-media":"","overlay-type":"","overlay-color":"","overlay-opacity":"","overlay-gradient":""},"mobile":{"background-color":"var(--ast-global-color-5)","background-image":"","background-repeat":"repeat","background-position":"center center","background-size":"auto","background-attachment":"scroll","background-type":"","background-media":"","overlay-type":"","overlay-color":"","overlay-opacity":"","overlay-gradient":""}},"footnotes":""},"class_list":["post-1333","page","type-page","status-publish","hentry"],"jetpack_sharing_enabled":true,"_links":{"self":[{"href":"https:\/\/querx-spiele.com\/cs\/wp-json\/wp\/v2\/pages\/1333","targetHints":{"allow":["GET"]}}],"collection":[{"href":"https:\/\/querx-spiele.com\/cs\/wp-json\/wp\/v2\/pages"}],"about":[{"href":"https:\/\/querx-spiele.com\/cs\/wp-json\/wp\/v2\/types\/page"}],"author":[{"embeddable":true,"href":"https:\/\/querx-spiele.com\/cs\/wp-json\/wp\/v2\/users\/1"}],"replies":[{"embeddable":true,"href":"https:\/\/querx-spiele.com\/cs\/wp-json\/wp\/v2\/comments?post=1333"}],"version-history":[{"count":1,"href":"https:\/\/querx-spiele.com\/cs\/wp-json\/wp\/v2\/pages\/1333\/revisions"}],"predecessor-version":[{"id":1343,"href":"https:\/\/querx-spiele.com\/cs\/wp-json\/wp\/v2\/pages\/1333\/revisions\/1343"}],"wp:attachment":[{"href":"https:\/\/querx-spiele.com\/cs\/wp-json\/wp\/v2\/media?parent=1333"}],"curies":[{"name":"wp","href":"https:\/\/api.w.org\/{rel}","templated":true}]}}