{"id":1330,"date":"2023-05-04T07:59:43","date_gmt":"2023-05-04T05:59:43","guid":{"rendered":"https:\/\/querx-spiele.com\/warenkorb\/"},"modified":"2024-03-15T11:03:42","modified_gmt":"2024-03-15T10:03:42","slug":"nakupni-kosik","status":"publish","type":"page","link":"https:\/\/querx-spiele.com\/cs\/nakupni-kosik\/","title":{"rendered":"N\u00e1kupn\u00ed ko\u0161\u00edk"},"content":{"rendered":"\n<div data-block-name=\"woocommerce\/cart\" class=\"wp-block-woocommerce-cart is-loading\">\n<div data-block-name=\"woocommerce\/filled-cart-block\" class=\"wp-block-woocommerce-filled-cart-block\">\n<div data-block-name=\"woocommerce\/cart-items-block\" class=\"wp-block-woocommerce-cart-items-block\">\n<div data-block-name=\"woocommerce\/cart-line-items-block\" class=\"wp-block-woocommerce-cart-line-items-block\"><\/div>\n\n\n\n<div data-block-name=\"woocommerce\/cart-cross-sells-block\" class=\"wp-block-woocommerce-cart-cross-sells-block\">\n<h2 class=\"wp-block-heading has-large-font-size\">Das interessiert dich vielleicht&nbsp;\u2026<\/h2>\n\n\n\n<div data-block-name=\"woocommerce\/cart-cross-sells-products-block\" class=\"wp-block-woocommerce-cart-cross-sells-products-block\"><\/div>\n<\/div>\n<\/div>\n\n\n\n<div data-block-name=\"woocommerce\/cart-totals-block\" class=\"wp-block-woocommerce-cart-totals-block\"><div data-block-name=\"woocommerce-germanized\/cart-summary-item\" class=\"wp-block-woocommerce-germanized-cart-summary-item\"><\/div>\n<div data-block-name=\"woocommerce\/cart-order-summary-block\" class=\"wp-block-woocommerce-cart-order-summary-block\">\n<div data-block-name=\"woocommerce\/cart-order-summary-heading-block\" data-content=\"Warenkorb-Summe\" class=\"wp-block-woocommerce-cart-order-summary-heading-block\"><\/div><div data-block-name=\"woocommerce\/cart-order-summary-totals-block\" class=\"wp-block-woocommerce-cart-order-summary-totals-block\">\n<div data-block-name=\"woocommerce\/cart-order-summary-subtotal-block\" class=\"wp-block-woocommerce-cart-order-summary-subtotal-block\"><\/div>\n<div data-block-name=\"woocommerce\/cart-order-summary-discount-block\" class=\"wp-block-woocommerce-cart-order-summary-discount-block\"><\/div>\n<div data-block-name=\"woocommerce\/cart-order-summary-fee-block\" class=\"wp-block-woocommerce-cart-order-summary-fee-block\"><\/div>\n<div data-block-name=\"woocommerce\/cart-order-summary-shipping-block\" class=\"wp-block-woocommerce-cart-order-summary-shipping-block\"><\/div>\n<div data-block-name=\"woocommerce\/cart-order-summary-taxes-block\" class=\"wp-block-woocommerce-cart-order-summary-taxes-block\"><\/div><\/div>\n<\/div>\n\n\n\n<div data-block-name=\"woocommerce\/cart-express-payment-block\" class=\"wp-block-woocommerce-cart-express-payment-block\"><\/div>\n\n\n\n<div data-block-name=\"woocommerce\/proceed-to-checkout-block\" class=\"wp-block-woocommerce-proceed-to-checkout-block\"><\/div>\n<div id=\"ppcp-recaptcha-v2-container\" style=\"margin:20px 0;\"><\/div>\n\n\n<div data-block-name=\"woocommerce\/cart-accepted-payment-methods-block\" class=\"wp-block-woocommerce-cart-accepted-payment-methods-block\"><\/div>\n<\/div>\n<\/div>\n\n\n\n<div data-block-name=\"woocommerce\/empty-cart-block\" class=\"wp-block-woocommerce-empty-cart-block\">\n<h2 class=\"wp-block-heading has-text-align-center with-empty-cart-icon wc-block-cart__empty-cart__title\">Dein Warenkorb ist gerade leer!<\/h2>\n\n\n\n<p class=\"has-text-align-center\"><a href=\"https:\/\/querx-spiele.com\/produkte\/\">Shop durchst\u00f6bern<\/a><\/p>\n\n\n\n<hr class=\"wp-block-separator has-alpha-channel-opacity is-style-dots\"\/>\n\n\n\n<h2 class=\"wp-block-heading has-text-align-center\">Neu im Shop<\/h2>\n\n\n<div data-block-name=\"woocommerce\/product-new\" data-columns=\"4\" data-rows=\"1\" class=\"wc-block-grid wp-block-product-new wp-block-woocommerce-product-new wc-block-product-new has-4-columns\"><ul class=\"wc-block-grid__products\"><li class=\"wc-block-grid__product\">\n\t\t\t\t<a href=\"https:\/\/querx-spiele.com\/cs\/produkty\/uceni-hlavnich-mest-2\/\" class=\"wc-block-grid__product-link\">\n\t\t\t\t\t\n\t\t\t\t\t<div class=\"wc-block-grid__product-image\"><img loading=\"lazy\" decoding=\"async\" width=\"300\" height=\"300\" src=\"https:\/\/i0.wp.com\/querx-spiele.com\/wp-content\/uploads\/2023\/07\/Geo_Hauptstaedte2_D_1.jpg?resize=300%2C300&amp;ssl=1\" class=\"attachment-woocommerce_thumbnail size-woocommerce_thumbnail\" alt=\"U&#269;en&iacute; hlavn&iacute;ch m&#283;st 2\" srcset=\"https:\/\/i0.wp.com\/querx-spiele.com\/wp-content\/uploads\/2023\/07\/Geo_Hauptstaedte2_D_1.jpg?w=1500&amp;ssl=1 1500w, https:\/\/i0.wp.com\/querx-spiele.com\/wp-content\/uploads\/2023\/07\/Geo_Hauptstaedte2_D_1.jpg?resize=300%2C300&amp;ssl=1 300w, https:\/\/i0.wp.com\/querx-spiele.com\/wp-content\/uploads\/2023\/07\/Geo_Hauptstaedte2_D_1.jpg?resize=1024%2C1024&amp;ssl=1 1024w, https:\/\/i0.wp.com\/querx-spiele.com\/wp-content\/uploads\/2023\/07\/Geo_Hauptstaedte2_D_1.jpg?resize=150%2C150&amp;ssl=1 150w, https:\/\/i0.wp.com\/querx-spiele.com\/wp-content\/uploads\/2023\/07\/Geo_Hauptstaedte2_D_1.jpg?resize=768%2C768&amp;ssl=1 768w, https:\/\/i0.wp.com\/querx-spiele.com\/wp-content\/uploads\/2023\/07\/Geo_Hauptstaedte2_D_1.jpg?resize=600%2C600&amp;ssl=1 600w, https:\/\/i0.wp.com\/querx-spiele.com\/wp-content\/uploads\/2023\/07\/Geo_Hauptstaedte2_D_1.jpg?resize=100%2C100&amp;ssl=1 100w\" sizes=\"auto, (max-width: 300px) 100vw, 300px\"><\/div>\n\t\t\t\t\t<div class=\"wc-block-grid__product-title\">U&#269;en&iacute; hlavn&iacute;ch m&#283;st 2<\/div>\n\t\t\t\t<\/a>\n\t\t\t\t<div class=\"wc-block-grid__product-price price\"><span class=\"woocommerce-Price-amount amount\">483,37&nbsp;<span class=\"woocommerce-Price-currencySymbol\">K&#269;<\/span><\/span><\/div><p class=\"wc-gzd-additional-info wc-gzd-additional-info-loop tax-info\">V&#269;etn&#283; DPH.<\/p><p class=\"wc-gzd-additional-info wc-gzd-additional-info-loop shipping-costs-info\">plus <a href=\"https:\/\/querx-spiele.com\/versandarten\/\" target=\"_blank\">n&aacute;klady na dopravu<\/a><\/p>\n\t\t\t\t\n\t\t\t\t<div class=\"wp-block-button wc-block-grid__product-add-to-cart\"><a href=\"https:\/\/querx-spiele.com\/cs\/produkty\/uceni-hlavnich-mest-2\/\" aria-label=\"Vyberte nastaven&iacute; pro &bdquo;U&#269;en&iacute; hlavn&iacute;ch m&#283;st 2&ldquo;\" data-quantity=\"1\" data-product_id=\"1317\" data-product_sku=\"32\" data-price=\"483.37\" rel=\"nofollow\" class=\"wp-block-button__link  add_to_cart_button\">V&yacute;b&#283;r mo&#382;nost&iacute;<\/a><\/div>\n\t\t\t<\/li>\n<li class=\"wc-block-grid__product\">\n\t\t\t\t<a href=\"https:\/\/querx-spiele.com\/cs\/produkty\/retezove-ukoly\/\" class=\"wc-block-grid__product-link\">\n\t\t\t\t\t\n\t\t\t\t\t<div class=\"wc-block-grid__product-image\"><img loading=\"lazy\" decoding=\"async\" width=\"300\" height=\"300\" src=\"https:\/\/i0.wp.com\/querx-spiele.com\/wp-content\/uploads\/2023\/05\/Mathe_Kettenaufgaben_CZ.jpg?resize=300%2C300&amp;ssl=1\" class=\"attachment-woocommerce_thumbnail size-woocommerce_thumbnail\" alt=\"&#344;et&#283;zov&eacute; &uacute;koly\" srcset=\"https:\/\/i0.wp.com\/querx-spiele.com\/wp-content\/uploads\/2023\/05\/Mathe_Kettenaufgaben_CZ.jpg?w=1500&amp;ssl=1 1500w, https:\/\/i0.wp.com\/querx-spiele.com\/wp-content\/uploads\/2023\/05\/Mathe_Kettenaufgaben_CZ.jpg?resize=300%2C300&amp;ssl=1 300w, https:\/\/i0.wp.com\/querx-spiele.com\/wp-content\/uploads\/2023\/05\/Mathe_Kettenaufgaben_CZ.jpg?resize=1024%2C1024&amp;ssl=1 1024w, https:\/\/i0.wp.com\/querx-spiele.com\/wp-content\/uploads\/2023\/05\/Mathe_Kettenaufgaben_CZ.jpg?resize=150%2C150&amp;ssl=1 150w, https:\/\/i0.wp.com\/querx-spiele.com\/wp-content\/uploads\/2023\/05\/Mathe_Kettenaufgaben_CZ.jpg?resize=768%2C768&amp;ssl=1 768w, https:\/\/i0.wp.com\/querx-spiele.com\/wp-content\/uploads\/2023\/05\/Mathe_Kettenaufgaben_CZ.jpg?resize=600%2C600&amp;ssl=1 600w, https:\/\/i0.wp.com\/querx-spiele.com\/wp-content\/uploads\/2023\/05\/Mathe_Kettenaufgaben_CZ.jpg?resize=100%2C100&amp;ssl=1 100w\" sizes=\"auto, (max-width: 300px) 100vw, 300px\"><\/div>\n\t\t\t\t\t<div class=\"wc-block-grid__product-title\">&#344;et&#283;zov&eacute; &uacute;koly<\/div>\n\t\t\t\t<\/a>\n\t\t\t\t<div class=\"wc-block-grid__product-price price\"><span class=\"woocommerce-Price-amount amount\">483,37&nbsp;<span class=\"woocommerce-Price-currencySymbol\">K&#269;<\/span><\/span><\/div><p class=\"wc-gzd-additional-info wc-gzd-additional-info-loop tax-info\">V&#269;etn&#283; DPH.<\/p><p class=\"wc-gzd-additional-info wc-gzd-additional-info-loop shipping-costs-info\">plus <a href=\"https:\/\/querx-spiele.com\/versandarten\/\" target=\"_blank\">n&aacute;klady na dopravu<\/a><\/p>\n\t\t\t\t\n\t\t\t\t<div class=\"wp-block-button wc-block-grid__product-add-to-cart\"><a href=\"https:\/\/querx-spiele.com\/cs\/produkty\/retezove-ukoly\/\" aria-label=\"Vyberte nastaven&iacute; pro &bdquo;&#344;et&#283;zov&eacute; &uacute;koly&ldquo;\" data-quantity=\"1\" data-product_id=\"1220\" data-product_sku=\"14\" data-price=\"483.37\" rel=\"nofollow\" class=\"wp-block-button__link  add_to_cart_button\">V&yacute;b&#283;r mo&#382;nost&iacute;<\/a><\/div>\n\t\t\t<\/li>\n<li class=\"wc-block-grid__product\">\n\t\t\t\t<a href=\"https:\/\/querx-spiele.com\/cs\/produkty\/uceni-hlavnich-mest-1\/\" class=\"wc-block-grid__product-link\">\n\t\t\t\t\t\n\t\t\t\t\t<div class=\"wc-block-grid__product-image\"><img loading=\"lazy\" decoding=\"async\" width=\"300\" height=\"300\" src=\"https:\/\/i0.wp.com\/querx-spiele.com\/wp-content\/uploads\/2023\/05\/Geo_Hauptstaedte1_D_1.jpg?resize=300%2C300&amp;ssl=1\" class=\"attachment-woocommerce_thumbnail size-woocommerce_thumbnail\" alt=\"U&#269;en&iacute; hlavn&iacute;ch m&#283;st 1\" srcset=\"https:\/\/i0.wp.com\/querx-spiele.com\/wp-content\/uploads\/2023\/05\/Geo_Hauptstaedte1_D_1.jpg?w=1500&amp;ssl=1 1500w, https:\/\/i0.wp.com\/querx-spiele.com\/wp-content\/uploads\/2023\/05\/Geo_Hauptstaedte1_D_1.jpg?resize=300%2C300&amp;ssl=1 300w, https:\/\/i0.wp.com\/querx-spiele.com\/wp-content\/uploads\/2023\/05\/Geo_Hauptstaedte1_D_1.jpg?resize=1024%2C1024&amp;ssl=1 1024w, https:\/\/i0.wp.com\/querx-spiele.com\/wp-content\/uploads\/2023\/05\/Geo_Hauptstaedte1_D_1.jpg?resize=150%2C150&amp;ssl=1 150w, https:\/\/i0.wp.com\/querx-spiele.com\/wp-content\/uploads\/2023\/05\/Geo_Hauptstaedte1_D_1.jpg?resize=768%2C768&amp;ssl=1 768w, https:\/\/i0.wp.com\/querx-spiele.com\/wp-content\/uploads\/2023\/05\/Geo_Hauptstaedte1_D_1.jpg?resize=600%2C600&amp;ssl=1 600w, https:\/\/i0.wp.com\/querx-spiele.com\/wp-content\/uploads\/2023\/05\/Geo_Hauptstaedte1_D_1.jpg?resize=100%2C100&amp;ssl=1 100w\" sizes=\"auto, (max-width: 300px) 100vw, 300px\"><\/div>\n\t\t\t\t\t<div class=\"wc-block-grid__product-title\">U&#269;en&iacute; hlavn&iacute;ch m&#283;st 1<\/div>\n\t\t\t\t<\/a>\n\t\t\t\t<div class=\"wc-block-grid__product-price price\"><span class=\"woocommerce-Price-amount amount\">483,37&nbsp;<span class=\"woocommerce-Price-currencySymbol\">K&#269;<\/span><\/span><\/div><p class=\"wc-gzd-additional-info wc-gzd-additional-info-loop tax-info\">V&#269;etn&#283; DPH.<\/p><p class=\"wc-gzd-additional-info wc-gzd-additional-info-loop shipping-costs-info\">plus <a href=\"https:\/\/querx-spiele.com\/versandarten\/\" target=\"_blank\">n&aacute;klady na dopravu<\/a><\/p>\n\t\t\t\t\n\t\t\t\t<div class=\"wp-block-button wc-block-grid__product-add-to-cart\"><a href=\"https:\/\/querx-spiele.com\/cs\/produkty\/uceni-hlavnich-mest-1\/\" aria-label=\"Vyberte nastaven&iacute; pro &bdquo;U&#269;en&iacute; hlavn&iacute;ch m&#283;st 1&ldquo;\" data-quantity=\"1\" data-product_id=\"1309\" data-product_sku=\"31\" data-price=\"483.37\" rel=\"nofollow\" class=\"wp-block-button__link  add_to_cart_button\">V&yacute;b&#283;r mo&#382;nost&iacute;<\/a><\/div>\n\t\t\t<\/li>\n<li class=\"wc-block-grid__product\">\n\t\t\t\t<a href=\"https:\/\/querx-spiele.com\/cs\/produkty\/nasobilka\/\" class=\"wc-block-grid__product-link\">\n\t\t\t\t\t\n\t\t\t\t\t<div class=\"wc-block-grid__product-image\"><img loading=\"lazy\" decoding=\"async\" width=\"300\" height=\"300\" src=\"https:\/\/i0.wp.com\/querx-spiele.com\/wp-content\/uploads\/2023\/05\/Mathe_Einmaleins_CZ.jpg?resize=300%2C300&amp;ssl=1\" class=\"attachment-woocommerce_thumbnail size-woocommerce_thumbnail\" alt=\"N&aacute;sobilka\" srcset=\"https:\/\/i0.wp.com\/querx-spiele.com\/wp-content\/uploads\/2023\/05\/Mathe_Einmaleins_CZ.jpg?w=1500&amp;ssl=1 1500w, https:\/\/i0.wp.com\/querx-spiele.com\/wp-content\/uploads\/2023\/05\/Mathe_Einmaleins_CZ.jpg?resize=300%2C300&amp;ssl=1 300w, https:\/\/i0.wp.com\/querx-spiele.com\/wp-content\/uploads\/2023\/05\/Mathe_Einmaleins_CZ.jpg?resize=1024%2C1024&amp;ssl=1 1024w, https:\/\/i0.wp.com\/querx-spiele.com\/wp-content\/uploads\/2023\/05\/Mathe_Einmaleins_CZ.jpg?resize=150%2C150&amp;ssl=1 150w, https:\/\/i0.wp.com\/querx-spiele.com\/wp-content\/uploads\/2023\/05\/Mathe_Einmaleins_CZ.jpg?resize=768%2C768&amp;ssl=1 768w, https:\/\/i0.wp.com\/querx-spiele.com\/wp-content\/uploads\/2023\/05\/Mathe_Einmaleins_CZ.jpg?resize=600%2C600&amp;ssl=1 600w, https:\/\/i0.wp.com\/querx-spiele.com\/wp-content\/uploads\/2023\/05\/Mathe_Einmaleins_CZ.jpg?resize=100%2C100&amp;ssl=1 100w\" sizes=\"auto, (max-width: 300px) 100vw, 300px\"><\/div>\n\t\t\t\t\t<div class=\"wc-block-grid__product-title\">N&aacute;sobilka<\/div>\n\t\t\t\t<\/a>\n\t\t\t\t<div class=\"wc-block-grid__product-price price\"><span class=\"woocommerce-Price-amount amount\">483,37&nbsp;<span class=\"woocommerce-Price-currencySymbol\">K&#269;<\/span><\/span><\/div><p class=\"wc-gzd-additional-info wc-gzd-additional-info-loop tax-info\">V&#269;etn&#283; DPH.<\/p><p class=\"wc-gzd-additional-info wc-gzd-additional-info-loop shipping-costs-info\">plus <a href=\"https:\/\/querx-spiele.com\/versandarten\/\" target=\"_blank\">n&aacute;klady na dopravu<\/a><\/p>\n\t\t\t\t<div class=\"wc-block-grid__product-rating\"><div class=\"review-rating\"><div class=\"star-rating\"><span style=\"width:100%\">Hodnoceno <strong class=\"rating\">5.00<\/strong> z 5 na z&aacute;klad&#283; <span class=\"rating\">1<\/span> hodnocen&iacute; z&aacute;kazn&iacute;ka<\/span><\/div><\/div><\/div><p class=\"wc-gzd-additional-info wc-gzd-additional-info-loop wc-gzd-rating-authenticity-status is-verified\">\n\t<\/p>\n\t\t\t\t<div class=\"wp-block-button wc-block-grid__product-add-to-cart\"><a href=\"https:\/\/querx-spiele.com\/cs\/produkty\/nasobilka\/\" aria-label=\"Vyberte nastaven&iacute; pro &bdquo;N&aacute;sobilka&ldquo;\" data-quantity=\"1\" data-product_id=\"1199\" data-product_sku=\"11\" data-price=\"483.37\" rel=\"nofollow\" class=\"wp-block-button__link  add_to_cart_button\">V&yacute;b&#283;r mo&#382;nost&iacute;<\/a><\/div>\n\t\t\t<\/li>\n<\/ul><\/div><\/div>\n<\/div>\n","protected":false},"excerpt":{"rendered":"","protected":false},"author":1,"featured_media":0,"parent":0,"menu_order":3,"comment_status":"closed","ping_status":"closed","template":"","meta":{"site-sidebar-layout":"default","site-content-layout":"","ast-site-content-layout":"default","site-content-style":"default","site-sidebar-style":"default","ast-global-header-display":"","ast-banner-title-visibility":"","ast-main-header-display":"","ast-hfb-above-header-display":"","ast-hfb-below-header-display":"","ast-hfb-mobile-header-display":"","site-post-title":"","ast-breadcrumbs-content":"","ast-featured-img":"","footer-sml-layout":"","ast-disable-related-posts":"","theme-transparent-header-meta":"","adv-header-id-meta":"","stick-header-meta":"","header-above-stick-meta":"","header-main-stick-meta":"","header-below-stick-meta":"","astra-migrate-meta-layouts":"set","ast-page-background-enabled":"default","ast-page-background-meta":{"desktop":{"background-color":"var(--ast-global-color-4)","background-image":"","background-repeat":"repeat","background-position":"center center","background-size":"auto","background-attachment":"scroll","background-type":"","background-media":"","overlay-type":"","overlay-color":"","overlay-opacity":"","overlay-gradient":""},"tablet":{"background-color":"","background-image":"","background-repeat":"repeat","background-position":"center center","background-size":"auto","background-attachment":"scroll","background-type":"","background-media":"","overlay-type":"","overlay-color":"","overlay-opacity":"","overlay-gradient":""},"mobile":{"background-color":"","background-image":"","background-repeat":"repeat","background-position":"center center","background-size":"auto","background-attachment":"scroll","background-type":"","background-media":"","overlay-type":"","overlay-color":"","overlay-opacity":"","overlay-gradient":""}},"ast-content-background-meta":{"desktop":{"background-color":"var(--ast-global-color-5)","background-image":"","background-repeat":"repeat","background-position":"center center","background-size":"auto","background-attachment":"scroll","background-type":"","background-media":"","overlay-type":"","overlay-color":"","overlay-opacity":"","overlay-gradient":""},"tablet":{"background-color":"var(--ast-global-color-5)","background-image":"","background-repeat":"repeat","background-position":"center center","background-size":"auto","background-attachment":"scroll","background-type":"","background-media":"","overlay-type":"","overlay-color":"","overlay-opacity":"","overlay-gradient":""},"mobile":{"background-color":"var(--ast-global-color-5)","background-image":"","background-repeat":"repeat","background-position":"center center","background-size":"auto","background-attachment":"scroll","background-type":"","background-media":"","overlay-type":"","overlay-color":"","overlay-opacity":"","overlay-gradient":""}},"footnotes":""},"class_list":["post-1330","page","type-page","status-publish","hentry"],"jetpack_sharing_enabled":true,"_links":{"self":[{"href":"https:\/\/querx-spiele.com\/cs\/wp-json\/wp\/v2\/pages\/1330","targetHints":{"allow":["GET"]}}],"collection":[{"href":"https:\/\/querx-spiele.com\/cs\/wp-json\/wp\/v2\/pages"}],"about":[{"href":"https:\/\/querx-spiele.com\/cs\/wp-json\/wp\/v2\/types\/page"}],"author":[{"embeddable":true,"href":"https:\/\/querx-spiele.com\/cs\/wp-json\/wp\/v2\/users\/1"}],"replies":[{"embeddable":true,"href":"https:\/\/querx-spiele.com\/cs\/wp-json\/wp\/v2\/comments?post=1330"}],"version-history":[{"count":4,"href":"https:\/\/querx-spiele.com\/cs\/wp-json\/wp\/v2\/pages\/1330\/revisions"}],"predecessor-version":[{"id":3924,"href":"https:\/\/querx-spiele.com\/cs\/wp-json\/wp\/v2\/pages\/1330\/revisions\/3924"}],"wp:attachment":[{"href":"https:\/\/querx-spiele.com\/cs\/wp-json\/wp\/v2\/media?parent=1330"}],"curies":[{"name":"wp","href":"https:\/\/api.w.org\/{rel}","templated":true}]}}